{"id":59,"date":"2021-03-12T12:48:41","date_gmt":"2021-03-12T12:48:41","guid":{"rendered":"https:\/\/www.vectranslation.com\/home\/"},"modified":"2025-08-01T07:49:33","modified_gmt":"2025-08-01T07:49:33","slug":"home","status":"publish","type":"page","link":"https:\/\/www.vectranslation.com\/en\/","title":{"rendered":"VECTranslation, vecteur de votre succ\u00e8s"},"content":{"rendered":"<div class=\"wp-block-cover\" style=\"border-radius:20px;min-height:313px;aspect-ratio:unset;\"><img loading=\"lazy\" decoding=\"async\" width=\"1200\" height=\"800\" class=\"wp-block-cover__image-background wp-image-310\" alt=\"\" src=\"https:\/\/www.vectranslation.com\/wp-content\/uploads\/2021\/04\/blue-globe_world_network_global-transformation_connected_global-connection-100777432-large.jpg\" style=\"object-position:51% 48%\" data-object-fit=\"cover\" data-object-position=\"51% 48%\" srcset=\"https:\/\/www.vectranslation.com\/wp-content\/uploads\/2021\/04\/blue-globe_world_network_global-transformation_connected_global-connection-100777432-large.jpg 1200w, https:\/\/www.vectranslation.com\/wp-content\/uploads\/2021\/04\/blue-globe_world_network_global-transformation_connected_global-connection-100777432-large-300x200.jpg 300w, https:\/\/www.vectranslation.com\/wp-content\/uploads\/2021\/04\/blue-globe_world_network_global-transformation_connected_global-connection-100777432-large-1024x683.jpg 1024w, https:\/\/www.vectranslation.com\/wp-content\/uploads\/2021\/04\/blue-globe_world_network_global-transformation_connected_global-connection-100777432-large-768x512.jpg 768w\" sizes=\"auto, (max-width: 1200px) 100vw, 1200px\" \/><span aria-hidden=\"true\" class=\"wp-block-cover__background has-background-dim\" style=\"background-color:#52bae7\"><\/span><div class=\"wp-block-cover__inner-container is-layout-flow wp-block-cover-is-layout-flow\">\n<p class=\"has-medium-font-size\">&nbsp;<\/p>\n\n\n\n<p class=\"has-text-align-center has-ast-global-color-5-color has-text-color has-link-color has-huge-font-size wp-elements-48c210666610dfc9968df3efe57f63b3\"><strong>VECTranslation, success factor for you since 2014<\/strong><\/p>\n<\/div><\/div>\n\n\n\n<div class=\"wp-block-columns is-layout-flex wp-container-core-columns-is-layout-28f84493 wp-block-columns-is-layout-flex\">\n<div class=\"wp-block-column is-layout-flow wp-block-column-is-layout-flow\"><div id=\"flipbox-widget-399\" class=\"cfb_wrapper with-image flex-row\" data-flipboxid=\"flipbox-widget-399\" data-bootstrap-status=\"enable\" data-fontawesome-icons=\"enable\"><div class=\"flex-col-md-12 cfb-box-1 cfb-box-wrapper\">\n                            <div class=\"flipbox-container cfb-layout-2 cfb-flip cfb-hover\" data-effect=\"x\" data-height=\"default\" >\n                            <div class=\"flipbox-front-layout cfb-data\">\n                                <div class=\"flipbox-img\"><img decoding=\"async\" src=\"https:\/\/www.vectranslation.com\/wp-content\/uploads\/2024\/07\/Translation-agencies.jpg\" alt=\"\" \/><\/div><\/div>\n                            <div class=\"flipbox-back-layout cfb-data\" style=\"background:#52bae7\">\n                            <h4>TRANSLATION AGENCIES<\/h4>\n                                <p>\u00a0High-quality work at competitive rates.<\/p><a target=\"_self\" href=\"https:\/\/www.vectranslation.com\/en\/agences-de-traduction\/\" style=\"color:#52bae7\" class=\"back-layout-btn\">Learn more<\/a><\/div>\n                            <\/div>\n                        <\/div><\/div>\n<\/div>\n\n\n\n<div class=\"wp-block-column is-layout-flow wp-block-column-is-layout-flow\"><div id=\"flipbox-widget-403\" class=\"cfb_wrapper with-image flex-row\" data-flipboxid=\"flipbox-widget-403\" data-bootstrap-status=\"enable\" data-fontawesome-icons=\"enable\"><div class=\"flex-col-md-12 cfb-box-1 cfb-box-wrapper\">\n                            <div class=\"flipbox-container cfb-layout-2 cfb-flip cfb-hover\" data-effect=\"x\" data-height=\"default\" >\n                            <div class=\"flipbox-front-layout cfb-data\">\n                                <div class=\"flipbox-img\"><img decoding=\"async\" src=\"https:\/\/www.vectranslation.com\/wp-content\/uploads\/2024\/07\/Companies.jpg\" alt=\"\" \/><\/div><\/div>\n                            <div class=\"flipbox-back-layout cfb-data\" style=\"background:#ea9d4c\">\n                            <h4>COMPANIES<\/h4>\n                                <p>\u00a0\u00a0\u00a0\u00a0Solutions tailored to your needs.\r\n\u00a0\r\n\u00a0\r\n\u00a0 <\/p><a target=\"_self\" href=\"https:\/\/www.vectranslation.com\/en\/entreprises\/\" style=\"color:#ea9d4c\" class=\"back-layout-btn\">Learn more<\/a><\/div>\n                            <\/div>\n                        <\/div><\/div>\n<\/div>\n\n\n\n<div class=\"wp-block-column is-layout-flow wp-block-column-is-layout-flow\"><div id=\"flipbox-widget-406\" class=\"cfb_wrapper with-image flex-row\" data-flipboxid=\"flipbox-widget-406\" data-bootstrap-status=\"enable\" data-fontawesome-icons=\"enable\"><div class=\"flex-col-md-12 cfb-box-1 cfb-box-wrapper\">\n                            <div class=\"flipbox-container cfb-layout-2 cfb-flip cfb-hover\" data-effect=\"x\" data-height=\"default\" >\n                            <div class=\"flipbox-front-layout cfb-data\">\n                                <div class=\"flipbox-img\"><img decoding=\"async\" src=\"https:\/\/www.vectranslation.com\/wp-content\/uploads\/2024\/07\/Private-individuals.jpg\" alt=\"\" \/><\/div><\/div>\n                            <div class=\"flipbox-back-layout cfb-data\" style=\"background:#52bae7\">\n                            <h4>PRIVATE INDIVIDUALS<\/h4>\n                                <p>Language services for everyone.<\/p><a target=\"_self\" href=\"https:\/\/www.vectranslation.com\/en\/particuliers\/\" style=\"color:#52bae7\" class=\"back-layout-btn\">Learn more<\/a><\/div>\n                            <\/div>\n                        <\/div><\/div>\n<\/div>\n<\/div>\n\n\n\n<p style=\"font-size:10px\">&nbsp;<\/p>\n\n\n\n<div class=\"wp-block-columns is-layout-flex wp-container-core-columns-is-layout-28f84493 wp-block-columns-is-layout-flex\">\n<div class=\"wp-block-column is-layout-flow wp-block-column-is-layout-flow\" style=\"flex-basis:33.33%\">\n<figure class=\"wp-block-image aligncenter size-large is-resized has-custom-border\"><img loading=\"lazy\" decoding=\"async\" width=\"1024\" height=\"768\" src=\"https:\/\/www.vectranslation.com\/wp-content\/uploads\/2021\/04\/lille-france-north-2660311-1024x768.jpg\" alt=\"lille, france, north\" class=\"wp-image-352\" style=\"border-radius:20px;width:277px;height:auto\" srcset=\"https:\/\/www.vectranslation.com\/wp-content\/uploads\/2021\/04\/lille-france-north-2660311-1024x768.jpg 1024w, https:\/\/www.vectranslation.com\/wp-content\/uploads\/2021\/04\/lille-france-north-2660311-300x225.jpg 300w, https:\/\/www.vectranslation.com\/wp-content\/uploads\/2021\/04\/lille-france-north-2660311-768x576.jpg 768w, https:\/\/www.vectranslation.com\/wp-content\/uploads\/2021\/04\/lille-france-north-2660311.jpg 1280w\" sizes=\"auto, (max-width: 1024px) 100vw, 1024px\" \/><\/figure>\n<\/div>\n\n\n\n<div class=\"wp-block-column is-layout-flow wp-block-column-is-layout-flow\" style=\"flex-basis:66.67%\">\n<p style=\"padding-left:0;font-size:22px\"><br>VECTranslation is run by a duo of specialists in translation, localization, proofreading and DTP.<\/p>\n\n\n\n<p style=\"padding-left:0;font-size:22px\" class=\"translation-block\">Based in Lille, a European crossroads, we will enable you to overcome linguistic and cultural barriers, offering you a full range of services tailored to your needs, whether you are an\u00a0<a href=\"https:\/\/www.vectranslation.com\/en\/particuliers\/\" target=\"_self\">individual<\/a>, a <a href=\"https:\/\/www.vectranslation.com\/en\/entreprises\/\" target=\"_self\">company<\/a> or a\u00a0<a href=\"https:\/\/www.vectranslation.com\/en\/agences-de-traduction\/\" target=\"_self\">translation agency<\/a>.<\/p>\n<\/div>\n<\/div>\n\n\n\n<div class=\"wp-block-columns is-layout-flex wp-container-core-columns-is-layout-28f84493 wp-block-columns-is-layout-flex\">\n<div class=\"wp-block-column is-layout-flow wp-block-column-is-layout-flow\" style=\"flex-basis:66.66%\">\n<p style=\"margin-top:var(--wp--preset--spacing--50);margin-bottom:var(--wp--preset--spacing--50);padding-right:var(--wp--preset--spacing--30);font-size:22px\"><br>Our dedicated team offers high-quality professional services: our translators work exclusively in their native language and all our work is comprehensively quality checked before delivery.<\/p>\n\n\n\n<p style=\"margin-top:var(--wp--preset--spacing--50);margin-bottom:var(--wp--preset--spacing--50);padding-right:var(--wp--preset--spacing--30);font-size:22px\">Our objective: build a longlasting and successful relationship with our business partners. We support you throughout your project and adapt to your needs, your tone, your style at competitive rates.<\/p>\n\n\n\n<p style=\"padding-right:var(--wp--preset--spacing--30);font-size:22px\" class=\"translation-block\">Please don't hesitate to <a href=\"https:\/\/www.vectranslation.com\/en\/contact\/\" data-type=\"page\" data-id=\"12\" target=\"_self\">contact us<\/a>\u00a0for more information or a\u00a0<a href=\"https:\/\/www.vectranslation.com\/en\/demande-de-devis\/\" data-type=\"page\" data-id=\"456\" target=\"_self\">free quote<\/a>.<br><br><br><br><\/p>\n\n\n\n<p><\/p>\n<\/div>\n\n\n\n<div class=\"wp-block-column is-layout-flow wp-block-column-is-layout-flow\" style=\"flex-basis:33.33%\">\n<figure class=\"wp-block-image alignleft size-large is-resized has-custom-border\"><img loading=\"lazy\" decoding=\"async\" width=\"680\" height=\"1024\" src=\"https:\/\/www.vectranslation.com\/wp-content\/uploads\/2021\/04\/architecture-glassware-contemporary-3284405-680x1024.jpg\" alt=\"architecture, glassware, contemporary\" class=\"wp-image-357\" style=\"border-style:none;border-width:0px;border-radius:20px;width:239px;height:auto\" srcset=\"https:\/\/www.vectranslation.com\/wp-content\/uploads\/2021\/04\/architecture-glassware-contemporary-3284405-680x1024.jpg 680w, https:\/\/www.vectranslation.com\/wp-content\/uploads\/2021\/04\/architecture-glassware-contemporary-3284405-199x300.jpg 199w, https:\/\/www.vectranslation.com\/wp-content\/uploads\/2021\/04\/architecture-glassware-contemporary-3284405-768x1157.jpg 768w, https:\/\/www.vectranslation.com\/wp-content\/uploads\/2021\/04\/architecture-glassware-contemporary-3284405.jpg 850w\" sizes=\"auto, (max-width: 680px) 100vw, 680px\" \/><\/figure>\n<\/div>\n<\/div>","protected":false},"excerpt":{"rendered":"<p>&nbsp; VECTranslation est un collectif de traducteurs sp\u00e9cialistes en&nbsp;traduction, localisation, relecture&nbsp;et&nbsp;mise&nbsp;en page. Depuis Lille, v\u00e9ritable carrefour europ\u00e9en, notre&nbsp;\u00e9quipe&nbsp;vous&nbsp;aidera \u00e0 franchir les&nbsp;barri\u00e8res linguistiques et culturelles que vous rencontrez, que&nbsp;vous soyez&nbsp;un&nbsp;particulier, une&nbsp;entreprise ou&nbsp;une&nbsp;agence de traduction. Depuis 10 ans, nous offrons des services professionnels o\u00f9 la&nbsp;qualit\u00e9 est un ma\u00eetre-mot : nous&nbsp;nous engageons \u00e0&nbsp;traduire uniquement vers notre langue maternelle [&hellip;]<\/p>\n","protected":false},"author":1,"featured_media":0,"parent":0,"menu_order":0,"comment_status":"closed","ping_status":"closed","template":"","meta":{"site-sidebar-layout":"default","site-content-layout":"plain-container","ast-site-content-layout":"normal-width-container","site-content-style":"unboxed","site-sidebar-style":"unboxed","ast-global-header-display":"","ast-banner-title-visibility":"","ast-main-header-display":"","ast-hfb-above-header-display":"","ast-hfb-below-header-display":"","ast-hfb-mobile-header-display":"disabled","site-post-title":"disabled","ast-breadcrumbs-content":"disabled","ast-featured-img":"","footer-sml-layout":"","ast-disable-related-posts":"","theme-transparent-header-meta":"default","adv-header-id-meta":"","stick-header-meta":"","header-above-stick-meta":"","header-main-stick-meta":"","header-below-stick-meta":"","astra-migrate-meta-layouts":"set","ast-page-background-enabled":"default","ast-page-background-meta":{"desktop":{"background-color":"","background-image":"","background-repeat":"repeat","background-position":"center center","background-size":"auto","background-attachment":"scroll","background-type":"","background-media":"","overlay-type":"","overlay-color":"","overlay-opacity":"","overlay-gradient":""},"tablet":{"background-color":"","background-image":"","background-repeat":"repeat","background-position":"center center","background-size":"auto","background-attachment":"scroll","background-type":"","background-media":"","overlay-type":"","overlay-color":"","overlay-opacity":"","overlay-gradient":""},"mobile":{"background-color":"","background-image":"","background-repeat":"repeat","background-position":"center center","background-size":"auto","background-attachment":"scroll","background-type":"","background-media":"","overlay-type":"","overlay-color":"","overlay-opacity":"","overlay-gradient":""}},"ast-content-background-meta":{"desktop":{"background-color":"var(--ast-global-color-5)","background-image":"","background-repeat":"repeat","background-position":"center center","background-size":"auto","background-attachment":"scroll","background-type":"","background-media":"","overlay-type":"","overlay-color":"","overlay-opacity":"","overlay-gradient":""},"tablet":{"background-color":"var(--ast-global-color-5)","background-image":"","background-repeat":"repeat","background-position":"center center","background-size":"auto","background-attachment":"scroll","background-type":"","background-media":"","overlay-type":"","overlay-color":"","overlay-opacity":"","overlay-gradient":""},"mobile":{"background-color":"var(--ast-global-color-5)","background-image":"","background-repeat":"repeat","background-position":"center center","background-size":"auto","background-attachment":"scroll","background-type":"","background-media":"","overlay-type":"","overlay-color":"","overlay-opacity":"","overlay-gradient":""}},"footnotes":""},"class_list":["post-59","page","type-page","status-publish","hentry"],"jetpack_sharing_enabled":true,"_links":{"self":[{"href":"https:\/\/www.vectranslation.com\/en\/wp-json\/wp\/v2\/pages\/59","targetHints":{"allow":["GET"]}}],"collection":[{"href":"https:\/\/www.vectranslation.com\/en\/wp-json\/wp\/v2\/pages"}],"about":[{"href":"https:\/\/www.vectranslation.com\/en\/wp-json\/wp\/v2\/types\/page"}],"author":[{"embeddable":true,"href":"https:\/\/www.vectranslation.com\/en\/wp-json\/wp\/v2\/users\/1"}],"replies":[{"embeddable":true,"href":"https:\/\/www.vectranslation.com\/en\/wp-json\/wp\/v2\/comments?post=59"}],"version-history":[{"count":98,"href":"https:\/\/www.vectranslation.com\/en\/wp-json\/wp\/v2\/pages\/59\/revisions"}],"predecessor-version":[{"id":763,"href":"https:\/\/www.vectranslation.com\/en\/wp-json\/wp\/v2\/pages\/59\/revisions\/763"}],"wp:attachment":[{"href":"https:\/\/www.vectranslation.com\/en\/wp-json\/wp\/v2\/media?parent=59"}],"curies":[{"name":"wp","href":"https:\/\/api.w.org\/{rel}","templated":true}]}}